{"id":5844,"date":"2020-11-24T11:33:41","date_gmt":"2020-11-24T11:33:41","guid":{"rendered":"https:\/\/broker.korinita.com\/?page_id=5844"},"modified":"2024-05-13T12:05:04","modified_gmt":"2024-05-13T12:05:04","slug":"brizy-5844","status":"publish","type":"page","link":"https:\/\/plovila.korinita.com\/staging\/?page_id=5844","title":{"rendered":"Politika zasebnosti"},"content":{"rendered":"<div class=\"brz-root__container brz-reset-all\">\n<section id=\"vlgbqbpvripcqxuqwlnmmnlauztnsbvwfxxc\" class=\"brz-section brz-css-vv2ut\">\n<div class=\"brz-section__content brz-section--boxed brz-css-zVCXb brz-css-kYcDu\" data-brz-custom-id=\"tqtqtxbkuqamguhknxnutnctphmaeqvtbcnh\">\n<div class=\"brz-bg\">\n<div class=\"brz-bg-color\"><\/div>\n<\/div>\n<div class=\"brz-container brz-css-okIjK\">\n<div class=\"brz-row__container brz-css-jiamx\" data-brz-custom-id=\"dkzwzzliclaggbtcxijhvynxbsdwlzrqhkjj\">\n<div class=\"brz-bg\"><\/div>\n<div class=\"brz-row brz-css-xWkUE brz-css-dr3ro\">\n<div class=\"brz-columns brz-css-fk55U brz-css-zByBM\" data-brz-custom-id=\"ltjjreqmegkhymlvvaftefnddrbnajmjzmte\">\n<div class=\"brz-bg\"><\/div>\n<div class=\"brz-column__items brz-css-jDuza\">\n<div id class=\"brz-css-zrvFk brz-wrapper\">\n<div class=\"brz-embed-code brz-css-uw2qm\" data-brz-custom-id=\"xsuqlqthdpelkeooeygqolqflszsxxwosujg\">\n<div class=\"brz-embed-content\">\n<div>\n<p><strong>POLITIKA ZASEBNOSTI<br \/><\/strong><br \/>Ta politika zasebnosti ureja zbiranje, hrambo in obdelavo osebnih podatkov, ki jih upravljalec zbira od vas, ko se naro\u010dite na prejemanje vsebin kot so e-novice, vabila na dogodke ali podobno.<\/p>\n<p><strong>Upravljavec<\/strong><\/p>\n<p>Upravljavec osebnih podatkov v pomenu, kot ga dolo\u010data Splo&scaron;na uredba EU o varstvu osebnih podatkov in veljavni zakon, ki ureja varstvo osebnih podatkov je:<\/p>\n<p>&nbsp;<\/p>\n<p>Korinita zavarovanja d.o.o.<br \/>Ob Savinji 2<br \/>3313 Polzela<br \/>Dav\u010dna &scaron;tevilka:&nbsp;46823298<br \/>Mati\u010dna &scaron;tevilka: 6848621000<\/p>\n<p><strong>Osebni podatki in namen njihove obdelave<br \/><\/strong><br \/>V kolikor \u017eelite prejemati vsebine upravljalca se lahko prijavite ali odjavite na naslednje obdelave:<\/p>\n<p>&bull; ob\u010dasne e-novice<br \/>&bull; redne e-novice<br \/>&bull; vabila na dogodke<br \/>&bull; obvestila o posebnih akcijah in prilo\u017enostih<br \/>&bull; publikacije<\/p>\n<p>Z izpolnitvijo teh obrazcev, naro\u010dilnice, prijave oziroma registracije in potrditvijo posredujete upravljalcu naslednje kontaktne podatke:<\/p>\n<p>&bull; ime<br \/>&bull; priimek<br \/>&bull; e-po&scaron;tni naslov<br \/>&bull; telefonsko &scaron;tevilko<\/p>\n<p>Kontaktne podatke, ki nam jih posredujete ob izpolnitvi oz. oddaji teh obrazcev, naro\u010dilnice, prijave oziroma registracije potrebujemo za obdelavo va&scaron;ega naro\u010dila in za komunikacijo z vami glede konkretnih e-novic, dogodkov, obvestil o posebnih akcijah ali publikacij. Upravljalec spo&scaron;tuje va&scaron;o zasebnost in je zavezana, da pri zbiranju, hrambi in obdelavi osebnih podatkov ravna skrbno in v skladu z veljavnimi predpisi o varstvu osebnih podatkov. Ker obstajajo v spletnem informacijskem sistemu upravljalca povezave na druge, zunanje spletne strani, ki niso neposredno vezane na upravljalca, ne prevzemamo nikakr&scaron;ne odgovornosti za za&scaron;\u010dito podatkov na teh spletnih straneh. Da bi prepre\u010dili nepoobla&scaron;\u010den dostop do pridobljenih podatkov ali njihovo razkritje, ohranili natan\u010dnost osebnih podatkov in zagotovili njihovo ustrezno uporabo, uporabljamo ustrezne tehni\u010dne in organizacijske postopke za zavarovanje podatkov, ki jih zbiramo. Upravljalec ne more v celoti izklju\u010diti morebitnega odtekanja ali zlorabe podatkov, saj so spletne tehnologije odprte za javnost in tako lahko \u017ertev ra\u010dunalni&scaron;kih vdorov in kot take nepredvidljive.<\/p>\n<p><strong>OPOZORILO:<\/strong>&nbsp;EU GDPR ne predpisuje posebnih tehni\u010dnih ukrepov varovanja identitete ponudnika spletne strani oz. upravljavca, kot tudi ne predpisuje izkazovanja identitete obiskovalca spletne strani. Zato so zahteve po varovanju osebnih podatkov do dopolnitve predpisa o varovanju in obveznosti izkazovanja identitete upravljavca prepu&scaron;\u010dene posamezniku, da se sam odlo\u010da ali verjame izkazani neza&scaron;\u010diteni identiteti upravljavca, ki naj bi jo upravljal. Upravljavec tudi ne jam\u010di, da je lahko prepri\u010dan, da je strinjanje pridobil od posameznika, ki naj bi se strinjal s pogoji obve&scaron;\u010danja, saj se posameznik proti upravljavcu v postopku potrjevanja ne identificira na enoli\u010den in preverljiv na\u010din.<\/p>\n<p><strong>Seznam spletnih mest, ki jih upravlja upravljalec<\/p>\n<p><\/strong>Podjetje upravljalca upravlja naslednje spletne strani:<\/p>\n<figure class=\"wp-block-table\">\n<table>\n<tbody>\n<tr>\n<td>&nbsp;<strong>Spletne strani<\/strong><\/td>\n<td>&nbsp;<strong>Opis spletne strani<\/strong><\/td>\n<\/tr>\n<tr>\n<td>zavarujte.se<\/td>\n<td>&nbsp;predstavitvena spletna stran<\/td>\n<\/tr>\n<\/tbody>\n<\/table>\n<\/figure>\n<p><strong>Soglasje<\/strong><\/p>\n<p>Osebne podatke, ki nam jih posredujete ob prijavi na e-novice, dogodkih, obvestilih o posebnih prilo\u017enostih ali publikacij in ostale produkte upravljalca obdelujemo z va&scaron;im jasnim in nedvoumnim soglasjem, ki temelji na \u010dlenu 6 (1), (a) Splo&scaron;ne uredbe EU o varstvu osebnih podatkov (GDPR). Z namenom izbolj&scaron;ave kakovosti na&scaron;ih produktov in storitev in za statisti\u010dne namene, v zvezi z elektronskimi sporo\u010dili, ki vam jih po&scaron;iljamo, obdelujemo tudi podatke o prikazih prejetih sporo\u010dil in klikih na povezave v prejetih sporo\u010dilih.<\/p>\n<p>Soglasje za obdelavo osebnih podatkov podate s tem, ko na spletnih straneh upravljalca na teh obrazcih, naro\u010dilnicah, prijavah oziroma registracijah vpi&scaron;ete svoje osebne podatke in se strinjate z vsako posami\u010dno obdelavo na katero pristanete. Pri vpisu osebnih podatkov upravljalca ne pogojuje privolitve v obdelavo pri obdelavah, kjer namen presega osnovni namen obdelave zaradi katere ste pri&scaron;li na spletno stran.<\/p>\n<p>Upravljavec za obve&scaron;\u010danje o spremembah pogojev poslovanja in spremembah politike zasebnosti uporablja storitev po&scaron;iljanja dokazljive elektronske po&scaron;te ali priporo\u010deno regularno po&scaron;to. Zato boste o spremembah obve&scaron;\u010deni na na\u010din, ki upravljavcu zagotavlja dokaz o pravo\u010dasni obve&scaron;\u010denosti glede sprememb pogojev poslovanja oziroma politiki zasebnosti. Vse spremembe bodo objavljene tudi na spletni strani podjetja.<\/p>\n<p>Osebne podatke za namene, kot ga dolo\u010da veljavna zakonodaja in kjer ni potrebna privolitev, ker je pravna podlaga obstoje\u010da zakonodaja (npr. hranjenje ra\u010dunov, sklenjenih pogodb in podobno) hranimo in varujemo v skladu z Splo&scaron;no uredbo EU o varstvu osebnih podatkov (GDPR).<\/p>\n<p><strong>Va&scaron;e pravice<\/strong><\/p>\n<p>V skladu z dolo\u010dili Splo&scaron;ne uredbe EU o varstvu osebnih podatkov (GDPR) imate pravico do dostopa do va&scaron;ih osebnih podatkov, pravico do popravka, pravico do izbrisa (&ldquo;pozabe&rdquo;), pravico do prenosljivosti, pravico zahtevati omejitev obdelave osebnih podatkov in pravico do<br \/>ugovora.<\/p>\n<p>\u010ce mislite, da so va&scaron;e pravice na spletnih straneh podjetja kakorkoli kr&scaron;ene se lahko obrnete na: Informacijski poobla&scaron;\u010denec Republike Slovenije Zalo&scaron;ka 59, 1000 Ljubljana, telefon: 01 230 97 30, faks: 01 230 97 78, e-po&scaron;ta:&nbsp;<a>gp.ip@ip-rs.si<\/a>).<\/p>\n<p><strong>\u010cas hrambe osebnih podatkov<br \/><\/strong><br \/>Va&scaron;e osebne podatke hranimo toliko \u010dasa, kolikor je to potrebno za namen po&scaron;iljanja vsebin novic, vabil na dogodke, publikacij. Rok hrambe osebnih podatkov se lahko razlikuje glede na veljavno sektorsko zakonodajo (npr. zakonodaja s podro\u010dja davkov, ra\u010dunovodstva). V primeru, ko veljavna sektorska zakonodaja dolo\u010da obvezne roke za hrambo osebnih podatkov, upravljalec izbri&scaron;e osebne podatke po poteku z zakonom predpisanega obveznega roka.<\/p>\n<p><strong>Pi&scaron;kotki<\/strong><br \/>Kaj so pi&scaron;kotki?<br \/>Pi&scaron;kotek je datoteka, ki shrani nastavitve spletnih strani. Spletna mesta pi&scaron;kotke shranijo v naprave uporabnikov, s katerimi dostopajo do interneta z namenom prepoznavanja posameznih naprav in nastavitev, ki so jih uporabniki uporabili pri dostopu. Pi&scaron;kotki omogo\u010dajo spletnim stranem prepoznavanje, \u010de je uporabnik \u017ee obiskal to spletno mesto in pri naprednih aplikacijah se lahko z njihovo pomo\u010djo ustrezno prilagodijo posamezne<br \/>nastavitve. Njihovo shranjevanje je pod popolnim nadzorom brskalnika, ki ga uporablja uporabnik &ndash; ta lahko shranjevanje pi&scaron;kotkov po \u017eelji omeji ali onemogo\u010di.<\/p>\n<p><strong>Zakaj so pi&scaron;kotki potrebni?<br \/><\/strong><br \/>Pi&scaron;kotki so temeljnega pomena za zagotavljanje uporabniku prijaznih spletnih storitev; najpogostej&scaron;e funkcije e-poslovanja ne bi bile mogo\u010de brez pi&scaron;kotkov. Interakcija med spletnim uporabnikom in spletno stranjo je s pomo\u010djo pi&scaron;kotkov hitrej&scaron;a in enostavnej&scaron;a. Z njihovo pomo\u010djo si spletna stran zapomni posameznikove preference in izku&scaron;nje, brskanje po spletnih straneh pa je s tem bolj u\u010dinkovito in prijetno. Razlogov za uporabo pi&scaron;kotkov je ve\u010d. Uporabljajo se za shranjevanje podatkov o stanju posamezne spletne strani (podrobnosti o prilagoditvah posamezne spletne strani), pomagajo pri izvajanju spletnih storitev (npr. spletne trgovine), pomagajo pri zbiranju statistik o uporabnikih in obiskanosti spletnega<br \/>mesta, o navadah spletnega uporabnika , itd. S pomo\u010djo pi&scaron;kotkov lahko torej ocenimo u\u010dinkovitost zasnove na&scaron;ega spletnega mesta. O priporo\u010deni in dovoljeni uporabi pi&scaron;kotkov na spletnih straneh si lahko preberete tudi smernice informacijskega poobla&scaron;\u010denca za uporabo pi&scaron;kotkov, ki jih najdete tukaj.<\/p>\n<p><strong>Seznam pi&scaron;kotkov na na&scaron;ih spletnih straneh:<\/strong><\/p>\n<table>\n<tbody>\n<tr>\n<td>Spletne strani<\/td>\n<td>Ime pi&scaron;kotka<\/td>\n<td>Opis<\/td>\n<td>Trajanje<\/td>\n<\/tr>\n<tr>\n<td>zavarujte.se<\/td>\n<td>PHPSESSID<\/td>\n<td>&nbsp;<\/td>\n<td>Seja<\/td>\n<\/tr>\n<tr>\n<td>zavarujte.se<\/td>\n<td>moove_gdpr_popup<\/td>\n<td>Shrani uporabnikove preference<\/td>\n<td>1 leto<\/td>\n<\/tr>\n<\/tbody>\n<\/table>\n<p>Pi&scaron;kotki, ki jih uporabljamo na na&scaron;i spletni strani, ne zbirajo va&scaron;ih dodatnih osebnih podatkov na katere niste pristali in s katerimi bi vas bilo mogo\u010de osebno prepoznati. Pi&scaron;kotki ne morejo po&scaron;kodovati va&scaron;ega ra\u010dunalnika, tablice ali mobilnega telefona. Pi&scaron;kotki omogo\u010dajo delovanje na&scaron;ih spletnih mest in nam pomagajo razumeti, katere informacije so za obiskovalce najkoristnej&scaron;i.<\/p>\n<p><strong>Priglasitev<\/strong><\/p>\n<p>Z uporabo teh spletnih mesta, kot so navedeni v seznamu spletnih mest, ki jih upravlja upravljavec se strinjate, da ta spletna mesta nastavijo pi&scaron;kotke na va&scaron;em ra\u010dunalniku ali mobilni napravi do preklica ali izbrisa do katerega imate pravico in jih v svojem brskalniku upravljate sami.<\/p>\n<p><strong>Upravljanje in brisanje pi&scaron;kotkov<\/strong><\/p>\n<p>\u010ce \u017eelite spremeniti na\u010din uporabe pi&scaron;kotkov v brskalniku, vklju\u010dno z blokiranjem ali izbrisom, lahko to storite z ustrezno spremembo nastavitev brskalnika. Za upravljanje pi&scaron;kotkov vam ve\u010dina brskalnikov omogo\u010da, da sprejmete ali zavrnete vse pi&scaron;kotke, sprejmete samo dolo\u010deno vrsto pi&scaron;kotkov ali pa vas opozori, da stran \u017eeli shraniti pi&scaron;kotek. Pi&scaron;kotke, ki jih je brskalnik shranil, lahko tudi enostavno izbri&scaron;ete. \u010ce spremenite ali izbri&scaron;ete brskalnikovo datoteko s pi&scaron;kotki, spremenite ali nagradite va&scaron; brskalnik ali napravo, boste morda morali ponovno onemogo\u010diti pi&scaron;kotke. Postopek za upravljanje in brisanje pi&scaron;kotkov se razlikuje od brskalnika do brskalnika. \u010ce pri tem potrebujete pomo\u010d, lahko pogledate v brskalnikovi pomo\u010di uporabnikom.<br \/>___________________________________________________________________________<\/p>\n<p><strong>Privacy Policy<\/strong><\/p>\n<p>With this declaration, we inform you about collecting, processing and use of your personal data, which data controller collects from you, when you agree to receive our newsletter, invitations or other information shared. This consent can be withdrawn at any time with no<br \/>effect for the future.<\/p>\n<p><strong>Controller<br \/><\/strong><br \/>The personal data controller as defined by Data Protection Directive and General Data Protection Regulation &ndash; GDPR is:<\/p>\n<p>Korinita zavarovanja d.o.o.<br \/> Ob Savinji 2<br \/> 3313 Polzela<br \/>VAT number: 46823298<br \/>Registration number: 6848621000<\/p>\n<p><strong>Personal data and processing purposes<br \/><\/strong><br \/>If you wish to receive content from&nbsp;data controller you can subscribe or unsubscribe from<br \/>the following processes:<\/p>\n<p>&bull; permanent e-news<br \/>&bull; occasionally e-news<br \/>&bull; events invitations<br \/>&bull; news about exclusive offers and opportunities<br \/>&bull; publications<\/p>\n<p>By confirming forms, ordering, registering and submitting, data controller will receive your personal data such as:<\/p>\n<p>&bull; name<br \/>&bull; last name<br \/>&bull; e-mail<br \/>&bull; phone number<\/p>\n<p>Contact information, which you share with us by submitting forms, registering or ordering is necessary for processing and completing your order and for communicating with you regarding e-news, events, news about exclusive offers and our publications. data controller respects and will respect your privacy and is obliged to act carefully and responsibly and in compliance with legislation regarding collecting, storing and processing of your personal data. There might be links to other sites outside of our web service information system for which we do not take any responsibility regarding protection of personal data. We use different technical and organizational procedures to protect collected data to avoid unauthorized access or reveal, to maintain exactness and to ensure its appropriate use. data controller cannot, in general, exclude the possibility of data leaking or misuse of the information due to the openness of some web technologies which can be compromised and are out of our control.<\/p>\n<p>Warning: EU GDPR does not enforce any particular technical actions to protect the identity of the website owner or data controller, as it does not demand any identity revealing from the website visitor. Until further steps in the legislation are taken, every decision regarding the<br \/>data controllers&rsquo; identity is up to website visitor. We kindly ask you to check the data controllers&rsquo; identity in every possible way. The data controller does not have and is not able to give a guarantee, whether the agreement for collecting and processing personal data was obtained from the person, whom it refers since the user does not identify to the website owner (data controller) in a unique and verifiable way.<\/p>\n<p><strong>The data controller manages the websites listed below<\/strong><br \/>Company data controller manages following websites:<\/p>\n<figure class=\"wp-block-table\">\n<table>\n<tbody>\n<tr>\n<td>&nbsp;<strong>Website<\/strong><\/td>\n<td>&nbsp;<strong>Description<\/strong><\/td>\n<\/tr>\n<tr>\n<td>&nbsp;zavarujte.se<\/td>\n<td>Company information website.<\/td>\n<\/tr>\n<\/tbody>\n<\/table>\n<\/figure>\n<p><strong>Agreement<\/p>\n<p><\/strong>We store and process your personal information which you give us by subscribing on enewsletter, events, notifications about exclusive offers and opportunities and other publications of data controller with your undoubtful agreement and consent as required in Article 6 (1), (a) in EU General Data Protection Regulative. We also process information about the views of received messages and clicks on the links in the received messages to improve the quality of our products and services and for statistical analyses.<\/p>\n<p>You agree to the processing of personal data on the sc controller website on forms, order forms, applications or registrations where you submit your personal information. Each time you are informed about the processing details and asked to agree with it. Controller does not require your consent for processing when the purpose of collecting personal data exceeds the necessary level of processing for which you visited the website.<\/p>\n<p>Data controller&nbsp;data controller uses service for sending legally confirmed emails to inform you about changes of Terms of Service and Privacy Policy. It enables the Data controller to have verified and reliable evidence for prompt informing about the changes. Personal data, collected for the purposes, where no consent is required as there is other legislation in force (for storing documents, contracts, receipts or other documents. ) is stored and secured in compliance with EU General Data Protection Regulation.<\/p>\n<p><strong>Your rights<\/strong><\/p>\n<p>EU General Data Protection Regulation gives you the right to access your personal data, to correct it, you have the right to be forgotten &ndash; to request removing and deletion of all your personal data you had submitted to the Data controllers&rsquo; website(s). You have the right to remove it, to remove permission for different kinds of processing and also the right to file a complaint.<\/p>\n<p>If you believe your rights were violated on websites of company data controller , you may contact Informacijski poobla&scaron;\u010denec Republike Slovenije (Zalo&scaron;ka 59, 1000 Ljubljana, phone + 386 1 230 97 30, fax: 386 1 230 97 78, e-mail:<a>gp.ip@ip-rs.si<\/a>).<\/p>\n<p><strong>Storing period of personal data<br \/><\/strong><br \/>We store your personal data as long as we need it to send you our newsletters, special offers, invitations for events, publications or others. The saving period can vary due to different legislative obligations for services like ours (such would be VAT related law, accounting regulations or similar). When the applicable sectoral legislation requires mandatory deadlines for the retention of personal data, data controller will delete personal data after the statutory compulsory deadline.<\/p>\n<p><strong>Cookies<\/strong><\/p>\n<p>What is a cookie?<br \/>A cookie is a file, which saves settings of the webpage. Websites save cookies in the devices which visitors use for accessing the internet. The purpose of the cookie is to recognize specific devices and visitors&rsquo; previous settings, which were created by visitors&rsquo; previous access. Cookies enable websites to recognize new visitors, and advanced applications allow to adjust many settings. These settings are stored and controlled within the browser. The user of the browser can activate, partially enable or disable saving of the cookies.<\/p>\n<p><strong>Why do we use cookies?<br \/><\/strong><br \/>The essential part of providing user-friendly online services are cookies. The most common e-commerce functions would not be possible without them. They enable faster and easier interactions between visitors on the website. With their help, the website remembers the individual&rsquo;s preferences and experiences. Browsing the web pages is more effective and enjoyable. There are several reasons to use cookies. The browser can store information about the status of each website (details of individual page adjustments), help in the implementation of online services (e.g., online store), cookies help collect user statistics and site visits and data about the habits of a web user or similar. By using cookies, we can evaluate the effectiveness of our website layout, content, and design. You can also read the guidelines of the information officer about the use of the cookies which are recommended and allowed on these websites. Please keep in mind that removing or blocking cookies can negatively impact your user experience, and parts of our site may no longer be fully accessible.<\/p>\n<p><strong>List of cookies on our websites:<\/strong><\/p>\n<table>\n<tbody>\n<tr>\n<td>Website<\/td>\n<td>Cookie Name<\/td>\n<td>Description<\/td>\n<td>Duration<\/td>\n<\/tr>\n<tr>\n<td>zavarujte.se<\/td>\n<td>moove_gdpr_popup<\/td>\n<td>Saves user preferences<\/td>\n<td>1 year<\/td>\n<\/tr>\n<tr>\n<td>zavarujte.se<\/td>\n<td>PHPSESSID<\/td>\n<td>Session tracking<\/td>\n<td>Session<\/td>\n<\/tr>\n<\/tbody>\n<\/table>\n<p>___________________________________________________________________________<\/p>\n<p><strong>Izjave pri pridobivanju soglasij in uveljavljanju pravic<\/strong><\/p>\n<p><strong>1. IZJAVA NA SPLETNIH FORMAH IN V PAPIRNI OBLIKI &ndash; PRIJAVA<\/strong><\/p>\n<p>Upravljavec osebnih podatkov upravljalca in njegovi obdelovalci osebne podatke hranimo in obdelujemo v skladu z evropsko Uredbo o varovanju osebnih podatkov in Zakonom o varovanju osebnih podatkov (ZVOP). Strinjam se, da sme upravljavec moje osebne podatke uporabiti za&nbsp;<strong>namen (obkro\u017ei, izberi)<\/strong>:<\/p>\n<p>&ndash; namen1 (po&scaron;iljanje obvestil o dogodkih, proizvodih, ipd &hellip;)<br \/>&ndash; namen2 (obve&scaron;\u010danje o akcijskih ponudbah, ipd &hellip;)<\/p>\n<p><strong>IZJAVA<br \/><\/strong><br \/>V skladu z Uredbo o varovanju osebnih podatkov se strinjam z nameni uporabe osebnih podatkov in sem seznanjen, da se lahko od katere koli obdelave kadar koli odjavim brez obrazlo\u017eitve. V primeru odjave od posamezne obdelave (posamezen namen) bom odjavo poslal na elektronski naslov&nbsp;<a>pisarna.sempeter@zavarujte.se<\/a>&nbsp;ali pa se bom odjavil z samodejnim odjavnim mehanizmom v poslanem elektronskem sporo\u010dilu organizatorja.<\/p>\n<p><strong>2. MO\u017dNOST ODJAVE<\/strong><\/p>\n<p>Odjavljam se od obdelave oziroma ne \u017eelim ve\u010d prejemati informacij o:<\/p>\n<p>&ndash; namen1 (po&scaron;iljanje obvestil o dogodkih, proizvodih, ipd &hellip;)<br \/>&ndash; namen2 (obve&scaron;\u010danje o akcijskih ponudbah, ipd &hellip;)<\/p>\n<p>Odjavo po&scaron;ljite na&nbsp;<a>pisarna.sempeter@zavarujte.se<br \/><\/a><br \/><strong>3. MO\u017dNOST VPOGLEDA<\/strong><\/p>\n<p>Zahtevam vpogled osebnih podatkov za lastnika osebnih podatkov _______________. Izjavljam in z osebno prisotnostjo, digitalnim podpisom, lastnoro\u010dnim podpisom, potrjujem svojo identiteto in jam\u010dim, da sem lastnik omenjenih osebnih podatkov in imam pravico do vpogleda mojih osebnih podatkov v va&scaron;ih zbirkah podatkov.<\/p>\n<p><strong>4. MO\u017dNOST PRAVICE DO IZBRISA IN POZABE<\/strong><\/p>\n<p>Zahtevam izbris vsem mojih osebnih podatkov (razen tistih, ki jih predpisuje drug zakon). Izjavljam in z osebno prisotnostjo, digitalnim podpisom, lastnoro\u010dnim podpisom potrjujem svojo identiteto, in jam\u010dim, da imam kot lastnik osebnih podatkov pravico do zahtevka za izbris in pozabo mojih osebnih podatkov v va&scaron;ih zbirkah podatkov.<\/p>\n<\/div>\n<\/div>\n<\/div>\n<\/div>\n<\/div>\n<\/div>\n<\/div>\n<\/div>\n<\/div>\n<\/div>\n<\/section>\n<\/div>\n<p>    <!-- version:1715601904 --><\/p>\n","protected":false},"excerpt":{"rendered":"<p>POLITIKA ZASEBNOSTITa politika zasebnosti ureja zbiranje, hrambo in obdelavo osebnih podatkov, ki jih upravljalec zbira od vas, ko se naro\u010dite na prejemanje vsebin kot so e-novice, vabila na dogodke ali podobno. Upravljavec Upravljavec osebnih podatkov v pomenu, kot ga dolo\u010data Splo&scaron;na uredba EU o varstvu osebnih podatkov in veljavni zakon, ki ureja varstvo osebnih podatkov [&hellip;]<\/p>\n","protected":false},"author":1,"featured_media":0,"parent":0,"menu_order":0,"comment_status":"closed","ping_status":"closed","template":"brizy-blank-template.php","meta":{"footnotes":""},"_links":{"self":[{"href":"https:\/\/plovila.korinita.com\/staging\/index.php?rest_route=\/wp\/v2\/pages\/5844"}],"collection":[{"href":"https:\/\/plovila.korinita.com\/staging\/index.php?rest_route=\/wp\/v2\/pages"}],"about":[{"href":"https:\/\/plovila.korinita.com\/staging\/index.php?rest_route=\/wp\/v2\/types\/page"}],"author":[{"embeddable":true,"href":"https:\/\/plovila.korinita.com\/staging\/index.php?rest_route=\/wp\/v2\/users\/1"}],"replies":[{"embeddable":true,"href":"https:\/\/plovila.korinita.com\/staging\/index.php?rest_route=%2Fwp%2Fv2%2Fcomments&post=5844"}],"version-history":[{"count":7,"href":"https:\/\/plovila.korinita.com\/staging\/index.php?rest_route=\/wp\/v2\/pages\/5844\/revisions"}],"predecessor-version":[{"id":5874,"href":"https:\/\/plovila.korinita.com\/staging\/index.php?rest_route=\/wp\/v2\/pages\/5844\/revisions\/5874"}],"wp:attachment":[{"href":"https:\/\/plovila.korinita.com\/staging\/index.php?rest_route=%2Fwp%2Fv2%2Fmedia&parent=5844"}],"curies":[{"name":"wp","href":"https:\/\/api.w.org\/{rel}","templated":true}]}}